{"id":1463,"date":"2024-08-30T15:42:27","date_gmt":"2024-08-30T15:42:27","guid":{"rendered":"https:\/\/eurebuildalliance.com\/contact\/"},"modified":"2025-12-01T08:11:09","modified_gmt":"2025-12-01T08:11:09","slug":"contact","status":"publish","type":"page","link":"https:\/\/eurebuildalliance.com\/es\/contact\/","title":{"rendered":"Contactos"},"content":{"rendered":"\t\t<div data-elementor-type=\"wp-page\" data-elementor-id=\"1463\" class=\"elementor elementor-1463\" data-elementor-post-type=\"page\">\n\t\t\t\t<div class=\"elementor-element elementor-element-becfc37 e-flex e-con-boxed e-con e-parent\" data-id=\"becfc37\" data-element_type=\"container\" data-settings=\"{&quot;background_background&quot;:&quot;classic&quot;}\">\n\t\t\t\t\t<div class=\"e-con-inner\">\n\t\t\t\t<div class=\"elementor-element elementor-element-44ad97b elementor-widget__width-initial elementor-widget elementor-widget-heading\" data-id=\"44ad97b\" data-element_type=\"widget\" data-widget_type=\"heading.default\">\n\t\t\t\t\t<p class=\"elementor-heading-title elementor-size-default\">Contactos<\/p>\t\t\t\t<\/div>\n\t\t\t\t<div class=\"elementor-element elementor-element-425d7d7 elementor-invisible elementor-widget elementor-widget-heading\" data-id=\"425d7d7\" data-element_type=\"widget\" data-settings=\"{&quot;_animation&quot;:&quot;fadeInUp&quot;}\" data-widget_type=\"heading.default\">\n\t\t\t\t\t<h1 class=\"elementor-heading-title elementor-size-default\">Cont\u00e1ctanos.<\/h1>\t\t\t\t<\/div>\n\t\t\t\t<div class=\"elementor-element elementor-element-34604fe elementor-widget elementor-widget-text-editor\" data-id=\"34604fe\" data-element_type=\"widget\" data-widget_type=\"text-editor.default\">\n\t\t\t\t\t\t\t\t\t<p>Para cualquier pregunta sobre colaboraci\u00f3n, propuestas y estado de la solicitud, contacte con el administrador del proyecto. Respondemos a todos los correos electr\u00f3nicos en un plazo de un d\u00eda h\u00e1bil.<\/p>\t\t\t\t\t\t\t\t<\/div>\n\t\t\t\t\t<\/div>\n\t\t\t\t<\/div>\n\t\t<div class=\"elementor-element elementor-element-73a2570 e-flex e-con-boxed e-con e-parent\" data-id=\"73a2570\" data-element_type=\"container\" data-settings=\"{&quot;background_background&quot;:&quot;classic&quot;}\">\n\t\t\t\t\t<div class=\"e-con-inner\">\n\t\t<div class=\"elementor-element elementor-element-59909b3 e-con-full e-flex elementor-invisible e-con e-child\" data-id=\"59909b3\" data-element_type=\"container\" data-settings=\"{&quot;background_background&quot;:&quot;classic&quot;,&quot;animation&quot;:&quot;zoomOutUp&quot;}\">\n\t\t\t\t<div class=\"elementor-element elementor-element-4d5fd9a elementor-button-align-center elementor-widget elementor-widget-form\" data-id=\"4d5fd9a\" data-element_type=\"widget\" data-settings=\"{&quot;step_next_label&quot;:&quot;Next&quot;,&quot;step_previous_label&quot;:&quot;Previous&quot;,&quot;button_width&quot;:&quot;100&quot;,&quot;step_type&quot;:&quot;number_text&quot;,&quot;step_icon_shape&quot;:&quot;circle&quot;}\" data-widget_type=\"form.default\">\n\t\t\t\t\t\t\t<form class=\"elementor-form\" method=\"post\" name=\"Form \u041f\u043e\u0441\u0442\u0430\u0447\u0430\u043b\u044c\u043d\u0438\u043a \u0456\u0437 \u0404\u0432\u0440\u043e\u043f\u0438\" aria-label=\"Form \u041f\u043e\u0441\u0442\u0430\u0447\u0430\u043b\u044c\u043d\u0438\u043a \u0456\u0437 \u0404\u0432\u0440\u043e\u043f\u0438\">\n\t\t\t<input type=\"hidden\" name=\"post_id\" value=\"1463\"\/>\n\t\t\t<input type=\"hidden\" name=\"form_id\" value=\"4d5fd9a\"\/>\n\t\t\t<input type=\"hidden\" name=\"referer_title\" value=\"EU Rebuild Alliance \u2014 \u043c\u0456\u0436\u043d\u0430\u0440\u043e\u0434\u043d\u0430 \u043f\u043b\u0430\u0442\u0444\u043e\u0440\u043c\u0430 \u043f\u043e\u0441\u0442\u0430\u0447\u0430\u043d\u043d\u044f \u0434\u043b\u044f \u0432\u0456\u0434\u0431\u0443\u0434\u043e\u0432\u0438 \u0423\u043a\u0440\u0430\u0457\u043d\u0438.\" \/>\n\n\t\t\t\n\t\t\t<div class=\"elementor-form-fields-wrapper elementor-labels-\">\n\t\t\t\t\t\t\t\t<div class=\"elementor-field-type-text elementor-field-group elementor-column elementor-field-group-name elementor-col-50\">\n\t\t\t\t\t\t\t\t\t\t\t\t<label for=\"form-field-name\" class=\"elementor-field-label elementor-screen-only\">\n\t\t\t\t\t\t\t\t\u0406\u043c\u2019\u044f\t\t\t\t\t\t\t<\/label>\n\t\t\t\t\t\t\t\t\t\t\t\t\t\t<input size=\"1\" type=\"text\" name=\"form_fields[name]\" id=\"form-field-name\" class=\"elementor-field elementor-size-lg  elementor-field-textual\" placeholder=\"Nombre\">\n\t\t\t\t\t\t\t\t\t\t\t<\/div>\n\t\t\t\t\t\t\t\t<div class=\"elementor-field-type-text elementor-field-group elementor-column elementor-field-group-field_7ae667c elementor-col-50\">\n\t\t\t\t\t\t\t\t\t\t\t\t<label for=\"form-field-field_7ae667c\" class=\"elementor-field-label elementor-screen-only\">\n\t\t\t\t\t\t\t\t\u041e\u0440\u0433\u0430\u043d\u0456\u0437\u0430\u0446\u0456\u044f\t\t\t\t\t\t\t<\/label>\n\t\t\t\t\t\t\t\t\t\t\t\t\t\t<input size=\"1\" type=\"text\" name=\"form_fields[field_7ae667c]\" id=\"form-field-field_7ae667c\" class=\"elementor-field elementor-size-lg  elementor-field-textual\" placeholder=\"Organizaci\u00f3n\">\n\t\t\t\t\t\t\t\t\t\t\t<\/div>\n\t\t\t\t\t\t\t\t<div class=\"elementor-field-type-email elementor-field-group elementor-column elementor-field-group-email elementor-col-100 elementor-field-required\">\n\t\t\t\t\t\t\t\t\t\t\t\t<label for=\"form-field-email\" class=\"elementor-field-label elementor-screen-only\">\n\t\t\t\t\t\t\t\tEmail\t\t\t\t\t\t\t<\/label>\n\t\t\t\t\t\t\t\t\t\t\t\t\t\t<input size=\"1\" type=\"email\" name=\"form_fields[email]\" id=\"form-field-email\" class=\"elementor-field elementor-size-lg  elementor-field-textual\" placeholder=\"Correo electr\u00f3nico *\" required=\"required\">\n\t\t\t\t\t\t\t\t\t\t\t<\/div>\n\t\t\t\t\t\t\t\t<div class=\"elementor-field-type-textarea elementor-field-group elementor-column elementor-field-group-field_0bbf9a2 elementor-col-100\">\n\t\t\t\t\t\t\t\t\t\t\t\t<label for=\"form-field-field_0bbf9a2\" class=\"elementor-field-label elementor-screen-only\">\n\t\t\t\t\t\t\t\t\u041f\u043e\u0432\u0456\u0434\u043e\u043c\u043b\u0435\u043d\u043d\u044f\t\t\t\t\t\t\t<\/label>\n\t\t\t\t\t\t<textarea class=\"elementor-field-textual elementor-field  elementor-size-lg\" name=\"form_fields[field_0bbf9a2]\" id=\"form-field-field_0bbf9a2\" rows=\"4\" placeholder=\"Mensaje\"><\/textarea>\t\t\t\t<\/div>\n\t\t\t\t\t\t\t\t<div class=\"elementor-field-type-recaptcha_v3 elementor-field-group elementor-column elementor-field-group-field_1c1a270 elementor-col-100 recaptcha_v3-bottomright\">\n\t\t\t\t\t<div class=\"elementor-field\" id=\"form-field-field_1c1a270\"><div class=\"elementor-g-recaptcha\" data-sitekey=\"6Lc4c_8rAAAAAEzcjCCNHHhak_7RXyJoe9yq_Fun\" data-type=\"v3\" data-action=\"Form\" data-badge=\"bottomright\" data-size=\"invisible\"><\/div><\/div>\t\t\t\t<\/div>\n\t\t\t\t\t\t\t\t<div class=\"elementor-field-group elementor-column elementor-field-type-submit elementor-col-100 e-form__buttons\">\n\t\t\t\t\t<button class=\"elementor-button elementor-size-lg\" type=\"submit\">\n\t\t\t\t\t\t<span class=\"elementor-button-content-wrapper\">\n\t\t\t\t\t\t\t\t\t\t\t\t\t\t\t\t\t\t\t\t\t\t<span class=\"elementor-button-text\">Enviar<\/span>\n\t\t\t\t\t\t\t\t\t\t\t\t\t<\/span>\n\t\t\t\t\t<\/button>\n\t\t\t\t<\/div>\n\t\t\t<\/div>\n\t\t<\/form>\n\t\t\t\t\t\t<\/div>\n\t\t\t\t<\/div>\n\t\t\t\t\t<\/div>\n\t\t\t\t<\/div>\n\t\t<div class=\"elementor-element elementor-element-12a2f74 e-flex e-con-boxed e-con e-parent\" data-id=\"12a2f74\" data-element_type=\"container\" data-settings=\"{&quot;background_background&quot;:&quot;classic&quot;}\">\n\t\t\t\t\t<div class=\"e-con-inner\">\n\t\t\t\t\t<\/div>\n\t\t\t\t<\/div>\n\t\t\t\t<\/div>\n\t\t","protected":false},"excerpt":{"rendered":"<p>Contactos Cont\u00e1ctanos. Para cualquier pregunta sobre colaboraci\u00f3n, propuestas y estado de la solicitud, contacte con el administrador del proyecto. Respondemos a todos los correos electr\u00f3nicos en un plazo de un d\u00eda h\u00e1bil.<\/p>\n","protected":false},"author":3,"featured_media":0,"parent":0,"menu_order":0,"comment_status":"closed","ping_status":"closed","template":"","meta":{"footnotes":""},"class_list":["post-1463","page","type-page","status-publish","hentry"],"yoast_head":"<!-- This site is optimized with the Yoast SEO Premium plugin v24.3 (Yoast SEO v26.5) - https:\/\/yoast.com\/wordpress\/plugins\/seo\/ -->\n<title>Contactos de la Alianza para la Reconstrucci\u00f3n de la UE: Cont\u00e1ctenos<\/title>\n<meta name=\"description\" content=\"Cont\u00e1ctanos mediante el formulario o correo electr\u00f3nico. Te ayudaremos a encontrar socios y a empezar a colaborar.\" \/>\n<meta name=\"robots\" content=\"index, follow, max-snippet:-1, max-image-preview:large, max-video-preview:-1\" \/>\n<link rel=\"canonical\" href=\"https:\/\/eurebuildalliance.com\/es\/contact\/\" \/>\n<meta property=\"og:locale\" content=\"es_ES\" \/>\n<meta property=\"og:type\" content=\"article\" \/>\n<meta property=\"og:title\" content=\"Contactos\" \/>\n<meta property=\"og:description\" content=\"Cont\u00e1ctanos mediante el formulario o correo electr\u00f3nico. Te ayudaremos a encontrar socios y a empezar a colaborar.\" \/>\n<meta property=\"og:url\" content=\"https:\/\/eurebuildalliance.com\/es\/contact\/\" \/>\n<meta property=\"og:site_name\" content=\"EU Rebuild Alliance \u2014 \u043c\u0456\u0436\u043d\u0430\u0440\u043e\u0434\u043d\u0430 \u043f\u043b\u0430\u0442\u0444\u043e\u0440\u043c\u0430 \u043f\u043e\u0441\u0442\u0430\u0447\u0430\u043d\u043d\u044f \u0434\u043b\u044f \u0432\u0456\u0434\u0431\u0443\u0434\u043e\u0432\u0438 \u0423\u043a\u0440\u0430\u0457\u043d\u0438.\" \/>\n<meta property=\"article:modified_time\" content=\"2025-12-01T08:11:09+00:00\" \/>\n<meta property=\"og:image\" content=\"https:\/\/eurebuildalliance.com\/wp-content\/uploads\/2025\/11\/fav.png\" \/>\n\t<meta property=\"og:image:width\" content=\"404\" \/>\n\t<meta property=\"og:image:height\" content=\"404\" \/>\n\t<meta property=\"og:image:type\" content=\"image\/png\" \/>\n<meta name=\"twitter:card\" content=\"summary_large_image\" \/>\n<meta name=\"twitter:label1\" content=\"Tiempo de lectura\" \/>\n\t<meta name=\"twitter:data1\" content=\"1 minuto\" \/>\n<script type=\"application\/ld+json\" class=\"yoast-schema-graph\">{\"@context\":\"https:\/\/schema.org\",\"@graph\":[{\"@type\":\"WebPage\",\"@id\":\"https:\/\/eurebuildalliance.com\/es\/contact\/\",\"url\":\"https:\/\/eurebuildalliance.com\/es\/contact\/\",\"name\":\"Contactos de la Alianza para la Reconstrucci\u00f3n de la UE: Cont\u00e1ctenos\",\"isPartOf\":{\"@id\":\"https:\/\/eurebuildalliance.com\/#website\"},\"datePublished\":\"2024-08-30T15:42:27+00:00\",\"dateModified\":\"2025-12-01T08:11:09+00:00\",\"description\":\"Cont\u00e1ctanos mediante el formulario o correo electr\u00f3nico. Te ayudaremos a encontrar socios y a empezar a colaborar.\",\"breadcrumb\":{\"@id\":\"https:\/\/eurebuildalliance.com\/es\/contact\/#breadcrumb\"},\"inLanguage\":\"es\",\"potentialAction\":[{\"@type\":\"ReadAction\",\"target\":[\"https:\/\/eurebuildalliance.com\/es\/contact\/\"]}]},{\"@type\":\"BreadcrumbList\",\"@id\":\"https:\/\/eurebuildalliance.com\/es\/contact\/#breadcrumb\",\"itemListElement\":[{\"@type\":\"ListItem\",\"position\":1,\"name\":\"Home\",\"item\":\"https:\/\/eurebuildalliance.com\/\"},{\"@type\":\"ListItem\",\"position\":2,\"name\":\"Contactos\"}]},{\"@type\":\"WebSite\",\"@id\":\"https:\/\/eurebuildalliance.com\/#website\",\"url\":\"https:\/\/eurebuildalliance.com\/\",\"name\":\"EU Rebuild Alliance \u2014 \u043c\u0456\u0436\u043d\u0430\u0440\u043e\u0434\u043d\u0430 \u043f\u043b\u0430\u0442\u0444\u043e\u0440\u043c\u0430 \u043f\u043e\u0441\u0442\u0430\u0447\u0430\u043d\u043d\u044f \u0434\u043b\u044f \u0432\u0456\u0434\u0431\u0443\u0434\u043e\u0432\u0438 \u0423\u043a\u0440\u0430\u0457\u043d\u0438.\",\"description\":\"\u041c\u0438 \u043e\u0431\u2019\u0454\u0434\u043d\u0443\u0454\u043c\u043e \u043f\u043e\u0441\u0442\u0430\u0447\u0430\u043b\u044c\u043d\u0438\u043a\u0456\u0432 \u0456\u0437 \u043a\u0440\u0430\u0457\u043d \u0404\u0432\u0440\u043e\u043f\u0438 \u0442\u0430 MERCOSUR \u0456\u0437 \u043a\u043e\u043c\u043f\u0430\u043d\u0456\u044f\u043c\u0438 \u0442\u0430 \u043e\u0440\u0433\u0430\u043d\u0456\u0437\u0430\u0446\u0456\u044f\u043c\u0438 \u0437 \u0423\u043a\u0440\u0430\u0457\u043d\u0438 \u0442\u0430 \u0404\u0421.\",\"publisher\":{\"@id\":\"https:\/\/eurebuildalliance.com\/#organization\"},\"alternateName\":\"EU Rebuild Alliance\",\"potentialAction\":[{\"@type\":\"SearchAction\",\"target\":{\"@type\":\"EntryPoint\",\"urlTemplate\":\"https:\/\/eurebuildalliance.com\/?s={search_term_string}\"},\"query-input\":{\"@type\":\"PropertyValueSpecification\",\"valueRequired\":true,\"valueName\":\"search_term_string\"}}],\"inLanguage\":\"es\"},{\"@type\":\"Organization\",\"@id\":\"https:\/\/eurebuildalliance.com\/#organization\",\"name\":\"EU Rebuild Alliance\",\"url\":\"https:\/\/eurebuildalliance.com\/\",\"logo\":{\"@type\":\"ImageObject\",\"inLanguage\":\"es\",\"@id\":\"https:\/\/eurebuildalliance.com\/#\/schema\/logo\/image\/\",\"url\":\"https:\/\/eurebuildalliance.com\/wp-content\/uploads\/2025\/11\/logo-8868.png\",\"contentUrl\":\"https:\/\/eurebuildalliance.com\/wp-content\/uploads\/2025\/11\/logo-8868.png\",\"width\":896,\"height\":457,\"caption\":\"EU Rebuild Alliance\"},\"image\":{\"@id\":\"https:\/\/eurebuildalliance.com\/#\/schema\/logo\/image\/\"},\"description\":\"\u041c\u0456\u0436\u043d\u0430\u0440\u043e\u0434\u043d\u0430 \u043f\u043b\u0430\u0442\u0444\u043e\u0440\u043c\u0430 \u043f\u043e\u0441\u0442\u0430\u0447\u0430\u043d\u043d\u044f \u0434\u043b\u044f \u0432\u0456\u0434\u0431\u0443\u0434\u043e\u0432\u0438 \u0423\u043a\u0440\u0430\u0457\u043d\u0438.\",\"publishingPrinciples\":\"https:\/\/eurebuildalliance.com\/privacy-policy\/\"}]}<\/script>\n<!-- \/ Yoast SEO Premium plugin. -->","yoast_head_json":{"title":"Contactos de la Alianza para la Reconstrucci\u00f3n de la UE: Cont\u00e1ctenos","description":"Cont\u00e1ctanos mediante el formulario o correo electr\u00f3nico. Te ayudaremos a encontrar socios y a empezar a colaborar.","robots":{"index":"index","follow":"follow","max-snippet":"max-snippet:-1","max-image-preview":"max-image-preview:large","max-video-preview":"max-video-preview:-1"},"canonical":"https:\/\/eurebuildalliance.com\/es\/contact\/","og_locale":"es_ES","og_type":"article","og_title":"Contactos","og_description":"Cont\u00e1ctanos mediante el formulario o correo electr\u00f3nico. Te ayudaremos a encontrar socios y a empezar a colaborar.","og_url":"https:\/\/eurebuildalliance.com\/es\/contact\/","og_site_name":"EU Rebuild Alliance \u2014 \u043c\u0456\u0436\u043d\u0430\u0440\u043e\u0434\u043d\u0430 \u043f\u043b\u0430\u0442\u0444\u043e\u0440\u043c\u0430 \u043f\u043e\u0441\u0442\u0430\u0447\u0430\u043d\u043d\u044f \u0434\u043b\u044f \u0432\u0456\u0434\u0431\u0443\u0434\u043e\u0432\u0438 \u0423\u043a\u0440\u0430\u0457\u043d\u0438.","article_modified_time":"2025-12-01T08:11:09+00:00","og_image":[{"width":404,"height":404,"url":"https:\/\/eurebuildalliance.com\/wp-content\/uploads\/2025\/11\/fav.png","type":"image\/png"}],"twitter_card":"summary_large_image","twitter_misc":{"Tiempo de lectura":"1 minuto"},"schema":{"@context":"https:\/\/schema.org","@graph":[{"@type":"WebPage","@id":"https:\/\/eurebuildalliance.com\/es\/contact\/","url":"https:\/\/eurebuildalliance.com\/es\/contact\/","name":"Contactos de la Alianza para la Reconstrucci\u00f3n de la UE: Cont\u00e1ctenos","isPartOf":{"@id":"https:\/\/eurebuildalliance.com\/#website"},"datePublished":"2024-08-30T15:42:27+00:00","dateModified":"2025-12-01T08:11:09+00:00","description":"Cont\u00e1ctanos mediante el formulario o correo electr\u00f3nico. Te ayudaremos a encontrar socios y a empezar a colaborar.","breadcrumb":{"@id":"https:\/\/eurebuildalliance.com\/es\/contact\/#breadcrumb"},"inLanguage":"es","potentialAction":[{"@type":"ReadAction","target":["https:\/\/eurebuildalliance.com\/es\/contact\/"]}]},{"@type":"BreadcrumbList","@id":"https:\/\/eurebuildalliance.com\/es\/contact\/#breadcrumb","itemListElement":[{"@type":"ListItem","position":1,"name":"Home","item":"https:\/\/eurebuildalliance.com\/"},{"@type":"ListItem","position":2,"name":"Contactos"}]},{"@type":"WebSite","@id":"https:\/\/eurebuildalliance.com\/#website","url":"https:\/\/eurebuildalliance.com\/","name":"EU Rebuild Alliance \u2014 \u043c\u0456\u0436\u043d\u0430\u0440\u043e\u0434\u043d\u0430 \u043f\u043b\u0430\u0442\u0444\u043e\u0440\u043c\u0430 \u043f\u043e\u0441\u0442\u0430\u0447\u0430\u043d\u043d\u044f \u0434\u043b\u044f \u0432\u0456\u0434\u0431\u0443\u0434\u043e\u0432\u0438 \u0423\u043a\u0440\u0430\u0457\u043d\u0438.","description":"\u041c\u0438 \u043e\u0431\u2019\u0454\u0434\u043d\u0443\u0454\u043c\u043e \u043f\u043e\u0441\u0442\u0430\u0447\u0430\u043b\u044c\u043d\u0438\u043a\u0456\u0432 \u0456\u0437 \u043a\u0440\u0430\u0457\u043d \u0404\u0432\u0440\u043e\u043f\u0438 \u0442\u0430 MERCOSUR \u0456\u0437 \u043a\u043e\u043c\u043f\u0430\u043d\u0456\u044f\u043c\u0438 \u0442\u0430 \u043e\u0440\u0433\u0430\u043d\u0456\u0437\u0430\u0446\u0456\u044f\u043c\u0438 \u0437 \u0423\u043a\u0440\u0430\u0457\u043d\u0438 \u0442\u0430 \u0404\u0421.","publisher":{"@id":"https:\/\/eurebuildalliance.com\/#organization"},"alternateName":"EU Rebuild Alliance","potentialAction":[{"@type":"SearchAction","target":{"@type":"EntryPoint","urlTemplate":"https:\/\/eurebuildalliance.com\/?s={search_term_string}"},"query-input":{"@type":"PropertyValueSpecification","valueRequired":true,"valueName":"search_term_string"}}],"inLanguage":"es"},{"@type":"Organization","@id":"https:\/\/eurebuildalliance.com\/#organization","name":"EU Rebuild Alliance","url":"https:\/\/eurebuildalliance.com\/","logo":{"@type":"ImageObject","inLanguage":"es","@id":"https:\/\/eurebuildalliance.com\/#\/schema\/logo\/image\/","url":"https:\/\/eurebuildalliance.com\/wp-content\/uploads\/2025\/11\/logo-8868.png","contentUrl":"https:\/\/eurebuildalliance.com\/wp-content\/uploads\/2025\/11\/logo-8868.png","width":896,"height":457,"caption":"EU Rebuild Alliance"},"image":{"@id":"https:\/\/eurebuildalliance.com\/#\/schema\/logo\/image\/"},"description":"\u041c\u0456\u0436\u043d\u0430\u0440\u043e\u0434\u043d\u0430 \u043f\u043b\u0430\u0442\u0444\u043e\u0440\u043c\u0430 \u043f\u043e\u0441\u0442\u0430\u0447\u0430\u043d\u043d\u044f \u0434\u043b\u044f \u0432\u0456\u0434\u0431\u0443\u0434\u043e\u0432\u0438 \u0423\u043a\u0440\u0430\u0457\u043d\u0438.","publishingPrinciples":"https:\/\/eurebuildalliance.com\/privacy-policy\/"}]}},"_links":{"self":[{"href":"https:\/\/eurebuildalliance.com\/es\/wp-json\/wp\/v2\/pages\/1463","targetHints":{"allow":["GET"]}}],"collection":[{"href":"https:\/\/eurebuildalliance.com\/es\/wp-json\/wp\/v2\/pages"}],"about":[{"href":"https:\/\/eurebuildalliance.com\/es\/wp-json\/wp\/v2\/types\/page"}],"author":[{"embeddable":true,"href":"https:\/\/eurebuildalliance.com\/es\/wp-json\/wp\/v2\/users\/3"}],"replies":[{"embeddable":true,"href":"https:\/\/eurebuildalliance.com\/es\/wp-json\/wp\/v2\/comments?post=1463"}],"version-history":[{"count":4,"href":"https:\/\/eurebuildalliance.com\/es\/wp-json\/wp\/v2\/pages\/1463\/revisions"}],"predecessor-version":[{"id":1468,"href":"https:\/\/eurebuildalliance.com\/es\/wp-json\/wp\/v2\/pages\/1463\/revisions\/1468"}],"wp:attachment":[{"href":"https:\/\/eurebuildalliance.com\/es\/wp-json\/wp\/v2\/media?parent=1463"}],"curies":[{"name":"wp","href":"https:\/\/api.w.org\/{rel}","templated":true}]}}